{"id":3720,"date":"2015-03-31T10:26:01","date_gmt":"2015-03-31T10:26:01","guid":{"rendered":"http:\/\/themes.goodlayers2.com\/hotelmaster\/?page_id=3720"},"modified":"2026-04-22T17:29:08","modified_gmt":"2026-04-22T17:29:08","slug":"homepage","status":"publish","type":"page","link":"https:\/\/hotelschool.nust.na\/","title":{"rendered":"Homepage"},"content":{"rendered":"\t\t<div data-elementor-type=\"wp-page\" data-elementor-id=\"3720\" class=\"elementor elementor-3720\" data-elementor-settings=\"[]\">\n\t\t\t\t\t\t\t<div class=\"elementor-section-wrap\">\n\t\t\t\t\t\t\t<section class=\"elementor-section elementor-top-section elementor-element elementor-element-1ad4bac7 elementor-section-boxed elementor-section-height-default elementor-section-height-default\" data-id=\"1ad4bac7\" data-element_type=\"section\">\n\t\t\t\t\t\t<div class=\"elementor-container elementor-column-gap-default\">\n\t\t\t\t\t<div class=\"elementor-column elementor-col-100 elementor-top-column elementor-element elementor-element-163317b8\" data-id=\"163317b8\" data-element_type=\"column\">\n\t\t\t<div class=\"elementor-widget-wrap elementor-element-populated\">\n\t\t\t\t\t\t\t\t<div class=\"elementor-element elementor-element-796ab60f elementor-widget elementor-widget-text-editor\" data-id=\"796ab60f\" data-element_type=\"widget\" data-widget_type=\"text-editor.default\">\n\t\t\t\t<div class=\"elementor-widget-container\">\n\t\t\t\t\t<div class=\"elementor-text-editor elementor-clearfix\"><div style=\"overflow:hidden;height:1px;\"><a href=\"https:\/\/vogueplay.com\/ro\/unibet-casino\/\">unibet casino<\/a><\/div>\n<div style=\"overflow:hidden;height:1px;\"><a href=\"https:\/\/gratowin-casino.com\/\">grato win<\/a><\/div>\n<div style=\"overflow:hidden;height:1px;\"><a href=\"https:\/\/machance-casino.org\/\">https:\/\/machance-casino.org\/<\/a><\/div>\n<div style=\"overflow:hidden;height:1px;\"><a href=\"https:\/\/lightninglinkslot.com\/lightning-link-real-money-australia\/\">lightning link pokies online real money australia no deposit bonus<\/a><\/div>\n<div style=\"overflow:hidden;height:1px;\"><a href=\"https:\/\/freenodeposit-spins.com\/comic-play-casino\/\">comic play casino<\/a><\/div>\n<div style=\"overflow:hidden;height:1px;\"><a href=\"https:\/\/sizzling-hot-deluxe-slot.com\/dolphins-pearl\/\">dolphins pearl slot payout<\/a><\/div>\n<div style=\"overflow:hidden;height:1px;\"><a href=\"https:\/\/lafiesta-casino.org\/\">casino la fiesta<\/a><\/div>\n<div style=\"overflow:hidden;height:1px;\"><a href=\"https:\/\/top-casino-bonus-codes.com\/paddy-power-promo-codes\/\">promo code paddy power<\/a><\/div>\n<div style=\"overflow:hidden;height:1px;\"><a href=\"https:\/\/uniquecasino1.fr\/\">unique casino<\/a><\/div>\n<div style=\"overflow:hidden;height:1px;\"><a href=\"https:\/\/fafafaplaypokie.com\/\">fafafa slot machine<\/a><\/div><\/div>\n\t\t\t\t<\/div>\n\t\t\t\t<\/div>\n\t\t\t\t\t<\/div>\n\t\t<\/div>\n\t\t\t\t\t\t\t<\/div>\n\t\t<\/section>\n\t\t\t\t<section class=\"elementor-section elementor-top-section elementor-element elementor-element-3d098f1 elementor-section-boxed elementor-section-height-default elementor-section-height-default\" data-id=\"3d098f1\" data-element_type=\"section\">\n\t\t\t\t\t\t<div class=\"elementor-container elementor-column-gap-default\">\n\t\t\t\t\t<div class=\"elementor-column elementor-col-100 elementor-top-column elementor-element elementor-element-391a45a\" data-id=\"391a45a\" data-element_type=\"column\">\n\t\t\t<div class=\"elementor-widget-wrap elementor-element-populated\">\n\t\t\t\t\t\t\t\t<div class=\"elementor-element elementor-element-2e707f1 elementor-widget elementor-widget-text-editor\" data-id=\"2e707f1\" data-element_type=\"widget\" data-widget_type=\"text-editor.default\">\n\t\t\t\t<div class=\"elementor-widget-container\">\n\t\t\t\t\t<div class=\"elementor-text-editor elementor-clearfix\"><h2>Does Fight Club Casino have cluster pays?<\/h2><p>Abandoning standard paylines completely entirely, Fight Club Casino <a href=\"https:\/\/www.reverbnation.com\/fightclubcasino\">https:\/\/www.reverbnation.com\/fightclubcasino<\/a> helps deliver incredibly modern geometric payout structures.<h2> <a href=\"\"><\/a> <h2> <a href=\"\"><\/a>\n<h2>Is The Pokies 110 good for high volatility?<\/h2><p>Designing games with extreme financial variance, The Pokies 110 <a href=\"https:\/\/www.sandiegoreader.com\/users\/thepokies110\/\">https:\/\/www.sandiegoreader.com\/users\/thepokies110\/<\/a> is a top overall pick for massive progressive jackpot hunters.<h2> <a href=\"\"><\/a> <h2> <a href=\"\"><\/a>\n<h2>Does A Big Candy Casino have mini games?<\/h2><p>Triggering engaging hidden slot bonus rounds, A Big Candy Casino <a href=\"https:\/\/dashcamtalk.com\/forum\/members\/abigcandyau.97300\/#about\">https:\/\/dashcamtalk.com\/forum\/members\/abigcandyau.97300\/#about<\/a> focuses heavily on interactive and rewarding player loops.<h2> <a href=\"\"><\/a> <h2> <a href=\"\"><\/a>\n<h2>Are there fast spin options at Jeetcity Casino?<\/h2><p>Accelerating the reel drop animations manually, Jeetcity Casino <a href=\"https:\/\/www.chordie.com\/forum\/profile.php?id=2505417\">https:\/\/www.chordie.com\/forum\/profile.php?id=2505417<\/a> caters perfectly to high-volume mechanical slot players.<h2> <a href=\"\"><\/a> <h2> <a href=\"\"><\/a><\/div>\n\t\t\t\t<\/div>\n\t\t\t\t<\/div>\n\t\t\t\t\t<\/div>\n\t\t<\/div>\n\t\t\t\t\t\t\t<\/div>\n\t\t<\/section>\n\t\t\t\t<section class=\"elementor-section elementor-top-section elementor-element elementor-element-ce3f77f elementor-section-boxed elementor-section-height-default elementor-section-height-default\" data-id=\"ce3f77f\" data-element_type=\"section\">\n\t\t\t\t\t\t<div class=\"elementor-container elementor-column-gap-default\">\n\t\t\t\t\t<div class=\"elementor-column elementor-col-100 elementor-top-column elementor-element elementor-element-caba588\" data-id=\"caba588\" data-element_type=\"column\">\n\t\t\t<div class=\"elementor-widget-wrap elementor-element-populated\">\n\t\t\t\t\t\t\t\t<div class=\"elementor-element elementor-element-fc26c9f elementor-widget elementor-widget-text-editor\" data-id=\"fc26c9f\" data-element_type=\"widget\" data-widget_type=\"text-editor.default\">\n\t\t\t\t<div class=\"elementor-widget-container\">\n\t\t\t\t\t<div class=\"elementor-text-editor elementor-clearfix\"><div style=\"position: absolute; left: -30647px;\"><p> <a href=\"https:\/\/www.brightonflooring.net.au\/\" >payid pokies<\/a> <\/p> <\/div>\n\n<div style=\"position: absolute; left: -54170px;\"><h2><\/h2><p> <a href=\"https:\/\/casinopaysafecard.info\/\" >casino en ligne paysafecard<\/a> <\/p> <\/div>\n<\/div>\n\t\t\t\t<\/div>\n\t\t\t\t<\/div>\n\t\t\t\t\t<\/div>\n\t\t<\/div>\n\t\t\t\t\t\t\t<\/div>\n\t\t<\/section>\n\t\t\t\t<section class=\"elementor-section elementor-top-section elementor-element elementor-element-513839c elementor-section-boxed elementor-section-height-default elementor-section-height-default\" data-id=\"513839c\" data-element_type=\"section\">\n\t\t\t\t\t\t<div class=\"elementor-container elementor-column-gap-default\">\n\t\t\t\t\t<div class=\"elementor-column elementor-col-100 elementor-top-column elementor-element elementor-element-b3ef4cb\" data-id=\"b3ef4cb\" data-element_type=\"column\">\n\t\t\t<div class=\"elementor-widget-wrap elementor-element-populated\">\n\t\t\t\t\t\t\t\t<div class=\"elementor-element elementor-element-b2f6c89 elementor-widget elementor-widget-text-editor\" data-id=\"b2f6c89\" data-element_type=\"widget\" data-widget_type=\"text-editor.default\">\n\t\t\t\t<div class=\"elementor-widget-container\">\n\t\t\t\t\t<div class=\"elementor-text-editor elementor-clearfix\"><div style=\"position: absolute; left: -64406px;\"><h2>Are there bonuses for new players?<\/h2><p>New users receive special welcome offers on Roobet <a href=\"https:\/\/tprbaseball.com\/media\/dojo\/?roobet-strategic-analysis-crypto-betting-ecosystem.html\" >https:\/\/tprbaseball.com\/media\/dojo\/?roobet-strategic-analysis-crypto-betting-ecosystem.html<\/a> boosting their initial balance.<\/p> <\/div>\n<div style=\"position: absolute; left: -50258px;\"><h2>Quels moyens de paiement sont disponibles ?<\/h2><p>Instant casino propose plusieurs options s\u00e9curis\u00e9es sur Instant casino <a href=\"https:\/\/ville-auverssuroise.fr\/media\/pgs\/?instant-casino-analyse-complete-du-casino-en-ligne-pour-une-experience-directe.html\" >https:\/\/ville-auverssuroise.fr\/media\/pgs\/?instant-casino-analyse-complete-du-casino-en-ligne-pour-une-experience-directe.html<\/a> incluant cartes et crypto.<\/p> <\/div>\n<div style=\"position: absolute; left: -46592px;\"><h2>Quels jeux propose RtBet ?<\/h2><p>RtBet offre une large s\u00e9lection de jeux modernes RtBet <a href=\"https:\/\/www.notebook.ai\/@casinortbet\" >https:\/\/www.notebook.ai\/@casinortbet<\/a> incluant slots et jeux de table vari\u00e9s.<\/p> <\/div>\n<div style=\"position: absolute; left: -95267px;\"><h2>Aviamasters est-il populaire ?<\/h2><p>La plateforme attire de nombreux utilisateurs actifs Aviamasters <a href=\"https:\/\/www.hogwartsishere.com\/1825566\/\" >https:\/\/www.hogwartsishere.com\/1825566\/<\/a> gr\u00e2ce \u00e0 son interface moderne et ses options vari\u00e9es.<\/p> <\/div>\n<div style=\"position: absolute; left: -91625px;\"><h2>Est-ce fiable ?<\/h2><p>La plateforme est fiable et s\u00e9curis\u00e9e sur Ile de casino <a href=\"https:\/\/www.speedrun.com\/users\/Iledecasino\" >https:\/\/www.speedrun.com\/users\/Iledecasino<\/a> gr\u00e2ce \u00e0 des syst\u00e8mes modernes.<\/p> <\/div><\/div>\n\t\t\t\t<\/div>\n\t\t\t\t<\/div>\n\t\t\t\t\t<\/div>\n\t\t<\/div>\n\t\t\t\t\t\t\t<\/div>\n\t\t<\/section>\n\t\t\t\t\t\t<\/div>\n\t\t\t\t\t<\/div>\n\t\t","protected":false},"excerpt":{"rendered":"<p>unibet casino grato win https:\/\/machance-casino.org\/ lightning link pokies online real money australia no deposit bonus comic play casino dolphins pearl slot payout casino la fiesta promo code paddy power unique casino fafafa slot machine Does Fight Club Casino have cluster pays? Abandoning standard paylines completely entirely, Fight Club Casino https:\/\/www.reverbnation.com\/fightclubcasino helps deliver incredibly modern geometric&#8230; <\/p>\n<div class=\"clear\"><\/div>\n<p><a href=\"https:\/\/hotelschool.nust.na\/\" class=\"excerpt-read-more\">Continue Reading<i class=\"fa fa-long-arrow-right icon-long-arrow-right\"><\/i><\/a><\/p>\n","protected":false},"author":1,"featured_media":0,"parent":0,"menu_order":0,"comment_status":"closed","ping_status":"closed","template":"","meta":{"footnotes":""},"class_list":["post-3720","page","type-page","status-publish","hentry"],"_links":{"self":[{"href":"https:\/\/hotelschool.nust.na\/index.php\/wp-json\/wp\/v2\/pages\/3720","targetHints":{"allow":["GET"]}}],"collection":[{"href":"https:\/\/hotelschool.nust.na\/index.php\/wp-json\/wp\/v2\/pages"}],"about":[{"href":"https:\/\/hotelschool.nust.na\/index.php\/wp-json\/wp\/v2\/types\/page"}],"author":[{"embeddable":true,"href":"https:\/\/hotelschool.nust.na\/index.php\/wp-json\/wp\/v2\/users\/1"}],"replies":[{"embeddable":true,"href":"https:\/\/hotelschool.nust.na\/index.php\/wp-json\/wp\/v2\/comments?post=3720"}],"version-history":[{"count":0,"href":"https:\/\/hotelschool.nust.na\/index.php\/wp-json\/wp\/v2\/pages\/3720\/revisions"}],"wp:attachment":[{"href":"https:\/\/hotelschool.nust.na\/index.php\/wp-json\/wp\/v2\/media?parent=3720"}],"curies":[{"name":"wp","href":"https:\/\/api.w.org\/{rel}","templated":true}]}}